{"id":2080,"date":"2020-05-05T17:48:11","date_gmt":"2020-05-05T15:48:11","guid":{"rendered":"https:\/\/www.raneri.it\/?page_id=2080"},"modified":"2025-11-20T01:48:12","modified_gmt":"2025-11-20T00:48:12","slug":"danea-faq","status":"publish","type":"page","link":"https:\/\/quadracode.com\/hub\/danea-faq\/","title":{"rendered":"Plugin Danea FAQ"},"content":{"rendered":"\r\n<h2 class=\"wp-block-heading\">Il plugin di Sincronizzazione WooCommerce e Danea Easyfatt \u00e8 certificato?<\/h2>\r\n\r\n\r\n\r\n<p>S\u00ec, il nostro Plugin \u00e8 certificato da Danea. Potete verificarlo su questo link: <a href=\"https:\/\/www.danea.it\/software\/easyfatt\/ecommerce\/integrazione\/aziende\/\">https:\/\/www.danea.it\/software\/easyfatt\/ecommerce\/integrazione\/aziende\/<\/a><\/p>\r\n\r\n\r\n\r\n<h2 class=\"wp-block-heading\">Se compro il plugin, pago una sola volta o c&#8217;\u00e8 un abbonamento?<\/h2>\r\n\r\n\r\n\r\n<p>La licenza d&#8217;uso \u00e8 illimitata: potrai utilizzare il plugin per sempre. L&#8217;acquisto iniziale include un periodo di 12 mesi durante i quali riceverai qualsiasi aggiornamento verr\u00e0 erogato per il plugin. Alla scadenza di tale termine, se non cancellerai la sottoscrizione annuale, il piano verr\u00e0 rinnovato per i successivi 12 mesi, e cos\u00ec via. Puoi annullare in qualsiasi momento la sottoscrizione. Il plugin continuer\u00e0 a funzionare, senza ricevere aggiornamenti dopo la naturale scadenza del piano annuale.<\/p>\r\n\r\n\r\n\r\n<h2 class=\"wp-block-heading\">Come posso pagare il plugin?<\/h2>\r\n\r\n\r\n\r\n<p>Puoi pagare con Paypal o Carta di credito sul sito a questo indirizzo: <a href=\"https:\/\/quadracode.com\/hub\/danea\/\">https:\/\/quadracode.com\/hub\/danea\/<\/a><\/p>\r\n\r\n\r\n\r\n<h2 class=\"wp-block-heading\">Posso provare il plugin prima di trasferire tutti i miei prodotti?<\/h2>\r\n\r\n\r\n\r\n<p>Offriamo delle demo gratuite in modo da aiutare i nostri clienti a capire se pu\u00f2 corrispondere alle loro esigenze e anche a provare il funzionamento del trasferimento. Per questo <a href=\"\/contatti\">contattateci<\/a>.<\/p>\r\n\r\n\r\n\r\n<h2 class=\"wp-block-heading\">Lo username e la password sono gli stessi?<\/h2>\r\n\r\n\r\n\r\n<p>I dati di connessione sono indipendenti quindi lo user e password che usate su Danea Easyfatt possono essere diversi da quelli del plugin. Per semplicit\u00e0 potete usare gli stessi ma potete anche sceglierne liberamente altri.<\/p>\r\n\r\n\r\n\r\n<h2 class=\"wp-block-heading\">Ho tantissimi prodotti su Danea, posso trasferirli in una volta?<\/h2>\r\n\r\n\r\n\r\n<p>S\u00ec, per\u00f2 bisogna tenere conto che pi\u00f9 i prodotti saranno numerosi ad essere trasferiti, pi\u00f9 il server metter\u00e0 tempo a fare il trasferimento.<br \/>Per esempio, se ho circa 5000 prodotti, bisogner\u00e0 aspettare pi\u00f9 o meno un&#8217;ora ma potrebbe volerci di pi\u00f9. Dipende dal vostro Hosting, per alcuni hosting pi\u00f9 economici, ci potr\u00e0 volere pi\u00f9 tempo. Quindi se il sistema non vi restituisce un&#8217;errore, vi consigliamo di aver pazienza e <strong>NON TOCCARE NULLA <\/strong>in modo da non dover rifare tutta la procedura.<\/p>\r\n\r\n\r\n\r\n<h2 class=\"wp-block-heading\">Ho chiuso tutto perch\u00e9 pensavo che il sistema fosse bloccato ma in realt\u00e0 non ho avuto la pazienza di aspettare. Cosa succede poi?<\/h2>\r\n\r\n\r\n\r\n<p>Sicuramente l&#8217;invio del file di trasferimento si sar\u00e0 comunque concluso. Se voi chiudete tutto, il server continua comunque a lavorare ma poi ovviamente non avrete la possiblit\u00e0 di vedere una risposta per capire se c&#8217;\u00e8 stato un&#8217;errore o se il trasferimento \u00e8 andato a buon fine. Quindi vi conviene aspettare per un po&#8217; (per essere sicuri che il processo si sia concluso) e verificare dopo se tutti i prodotti siano stati trasferiti o meno.<\/p>\r\n\r\n\r\n\r\n<h2 class=\"wp-block-heading\">Ho gi\u00e0 fatto il trasferimento iniziale. Per i prossimi trasferimenti, ricomincia tutto da zero?<\/h2>\r\n\r\n\r\n\r\n<p>No, poi diventa incrementale quindi solo i prodotti modificati o nuovi verranno trasferiti. Dopo il primo trasferimento completo \u00e8 sufficiente abilitare la casella di spunta &#8220;Invia solo prodotti modificati&#8221; nella finestrella di sincronizzazione prodotti in Easyfatt.<\/p>\r\n\r\n\r\n\r\n<h2 class=\"wp-block-heading\">Quando aggiungo un prodotto su Danea, i miei prodotti su WooCommerce si aggiornano in automatico?<\/h2>\r\n\r\n\r\n\r\n<p>Non \u00e8 possibile da lato di Easyfatt perch\u00e9 si tratta di un programma applicativo installato su Windows che richiede che ogni sincronizzazione verso l&#8217;ecommerce sia avviato manualmente: non pu\u00f2 essere contattato da un sito web o comunque dell&#8217;esterno per aggiornare i prodotti o scaricare i nuovi ordini. L&#8217;aggiornamento quindi deve sempre essere avviato manualmente da Easyfatt. Questo \u00e8 indipendente dal plugin utilizzato.<\/p>\r\n\r\n\r\n\r\n<h2 class=\"wp-block-heading\">Spesso su Danea Easyfatt, essendo un programma per gestione interna del magazzino, non vengono inserite le foto, o le foto inserite sono solo di riferimento ma non sono adattea ad un negozio online. Come procedo?<\/h2>\r\n\r\n\r\n\r\n<p>In questo caso \u00e8 possibile selezionare nelle opzioni del plugin (in WordPress) prima del trasferimento l&#8217;opzione &#8220;Ignora le foto dei prodotti di Danea&#8221;. In questo modo, se non avete immagini su Danea o se non volete che le foto di Danea siano trasferite su WooCommerce, queste non saranno mai sincronizzate e potrete gestirle attraverso WooCommerce.<\/p>\r\n\r\n\r\n\r\n<h2 class=\"wp-block-heading\">Se voglio solo aggiornare il Magazzino?<\/h2>\r\n\r\n\r\n\r\n<p>Bisogna selezionare tutte le opzioni di &#8220;ignora&#8221;.<br \/>&#8211; selezionare &#8220;Ignora le foto dei prodotti di Danea&#8221;<br \/>&#8211; selezionare anche &#8220;Titolo +Descrizioni+Prezzi+Categorie prodotto+Dimensioni+Pesi&#8221;<\/p>\r\n\r\n\r\n\r\n<p>ma <strong>NON<\/strong> selezionare &#8220;Ignora la quantit\u00e0 e lo stato magazzino Danea&#8221;.<\/p>\r\n\r\n\r\n\r\n<h2 class=\"wp-block-heading\">Tutte le versioni di Easyfatt sono compatibili?<\/h2>\r\n\r\n\r\n\r\n<p>Non tutte le versioni sono compatibili con la sincronizzazione con l&#8217;e-commerce. Le versioni compatibili sono <strong>&#8220;Enterprise One&#8221;<\/strong> o la <strong>&#8220;Enterprise&#8221;<\/strong>: sono le uniche edizioni ad includere le funzioni di sincronizzazione verso ecommerce esterni.<\/p>\r\n\r\n\r\n\r\n<h2 class=\"wp-block-heading\">Come si gestiscono le categorie? Quante sottocategorie posso aggiungere sul mio negozio online?<\/h2>\r\n\r\n\r\n\r\n<p>Danea integra un sistema per l&#8217;inserimento di pi\u00f9 sottocategorie nell&#8217;ecommerce. Ne gestisce fino a nove livelli.<br \/>1 &#8211; Aprire un prodotto<br \/>2 &#8211; Andare sulla voce &#8220;Categoria&#8221;<br \/>3 &#8211; Per aggiungere delle <strong>Sottocategorie<\/strong>, posizionarsi al livello della voce <strong>Sottocategoria<\/strong> e cliccare sull&#8217;iconcina sulla destra vicino al campo dove apparirebbero le sottocategorie<img alt=\"\" decoding=\"async\" class=\"wp-image-2081\" style=\"width: 150px;\" src=\"https:\/\/quadracode.com\/hub\/wp-content\/uploads\/2020\/05\/sottocategorie_easyfatt.mp4\" alt=\"\" \/><\/p>\r\n\r\n\r\n\r\n<figure class=\"wp-block-video\"><video src=\"https:\/\/quadracode.com\/hub\/wp-content\/uploads\/2020\/05\/sottocategorie_easyfatt-1.mp4\" controls=\"controls\" width=\"300\" height=\"150\"><\/video><\/figure>\r\n\r\n\r\n\r\n<p>Per <strong>creare una sottocategoria<\/strong>, guardare il video sottostante.<\/p>\r\n\r\n\r\n\r\n<p>&nbsp;<\/p>\r\n\r\n\r\n\r\n<figure class=\"wp-block-video\"><video src=\"https:\/\/quadracode.com\/hub\/wp-content\/uploads\/2020\/05\/creazione_sottocategoria_danea.mp4\" controls=\"controls\" width=\"300\" height=\"150\"><\/video><\/figure>\r\n\r\n\r\n\r\n<h2 class=\"wp-block-heading\">Per la fattura elettronica, come funziona?<\/h2>\r\n\r\n\r\n\r\n<p>La fattura elettronica riguarda solo il sistema Danea Easyfatt e sar\u00e0 generata su quest&#8217;ultimo. Il nostro plugin si ferma al trasferimento dell&#8217;ordine concluso da WooCommerce a Danea. Il resto del flusso di lavoro dalla creazione del documento &#8220;Ordine cliente&#8221; alla generazione della fattura elettronica resta invariato, all&#8217;interno di Easyfatt.<\/p>\r\n\r\n\r\n\r\n<h2 class=\"wp-block-heading\">Come funziona con l&#8217;IVA sui prodotti?<\/h2>\r\n\r\n\r\n\r\n<p>Easyfatt dispone della sua gestione interna delle aliquote IVA. Ogni prodotto ha la propria aliquota. Queste aliquote vengono trasferite tali e quali da Danea verso WooCommerce. Se non un&#8217;aliquota non esiste ancora su WooCommerce, quest&#8217;ultima verr\u00e0 creata durante la sincronizzazione. E&#8217; importante attivare, prima di effettuare qualsiasi sincronizzazione le funzionalit\u00e0 di gestione tassazione su WooCommerce.<\/p>\r\n","protected":false},"excerpt":{"rendered":"<p>Il plugin di Sincronizzazione WooCommerce e Danea Easyfatt \u00e8 certificato? S\u00ec, il nostro Plugin \u00e8 certificato da Danea. Potete verificarlo su questo link: https:\/\/www.danea.it\/software\/easyfatt\/ecommerce\/integrazione\/aziende\/ Se compro il plugin, pago una sola volta o c&#8217;\u00e8 un abbonamento? La licenza d&#8217;uso \u00e8 illimitata: potrai utilizzare il plugin per sempre. L&#8217;acquisto iniziale include un periodo di 12 mesi&hellip; <a class=\"read-more\" href=\"https:\/\/quadracode.com\/hub\/danea-faq\/\">Leggi di pi\u00f9<\/a><\/p>\n","protected":false},"author":1,"featured_media":1598,"parent":0,"menu_order":9,"comment_status":"closed","ping_status":"closed","template":"","meta":{"_acf_changed":false,"_seopress_robots_primary_cat":"","_seopress_titles_title":"","_seopress_titles_desc":"","_seopress_robots_index":"","footnotes":""},"class_list":["post-2080","page","type-page","status-publish","has-post-thumbnail","hentry"],"acf":[],"_links":{"self":[{"href":"https:\/\/quadracode.com\/hub\/wp-json\/wp\/v2\/pages\/2080","targetHints":{"allow":["GET"]}}],"collection":[{"href":"https:\/\/quadracode.com\/hub\/wp-json\/wp\/v2\/pages"}],"about":[{"href":"https:\/\/quadracode.com\/hub\/wp-json\/wp\/v2\/types\/page"}],"author":[{"embeddable":true,"href":"https:\/\/quadracode.com\/hub\/wp-json\/wp\/v2\/users\/1"}],"replies":[{"embeddable":true,"href":"https:\/\/quadracode.com\/hub\/wp-json\/wp\/v2\/comments?post=2080"}],"version-history":[{"count":6,"href":"https:\/\/quadracode.com\/hub\/wp-json\/wp\/v2\/pages\/2080\/revisions"}],"predecessor-version":[{"id":6064,"href":"https:\/\/quadracode.com\/hub\/wp-json\/wp\/v2\/pages\/2080\/revisions\/6064"}],"wp:featuredmedia":[{"embeddable":true,"href":"https:\/\/quadracode.com\/hub\/wp-json\/wp\/v2\/media\/1598"}],"wp:attachment":[{"href":"https:\/\/quadracode.com\/hub\/wp-json\/wp\/v2\/media?parent=2080"}],"curies":[{"name":"wp","href":"https:\/\/api.w.org\/{rel}","templated":true}]}}